{"id":309,"date":"2024-04-29T10:37:52","date_gmt":"2024-04-29T08:37:52","guid":{"rendered":"https:\/\/3dworks.com.tn\/bigart\/?page_id=309"},"modified":"2024-04-29T10:37:52","modified_gmt":"2024-04-29T08:37:52","slug":"a-propos","status":"publish","type":"page","link":"https:\/\/backup.groupebigart.tn\/index.php\/a-propos\/","title":{"rendered":"A propos"},"content":{"rendered":"\n<div class=\"slider-wrapper relative hide-for-small\" id=\"slider-474885343\" >\n    <div class=\"slider slider-nav-circle slider-nav-large slider-nav-light slider-style-normal\"\n        data-flickity-options='{\n            \"cellAlign\": \"center\",\n            \"imagesLoaded\": true,\n            \"lazyLoad\": 1,\n            \"freeScroll\": false,\n            \"wrapAround\": true,\n            \"autoPlay\": 6000,\n            \"pauseAutoPlayOnHover\" : true,\n            \"prevNextButtons\": true,\n            \"contain\" : true,\n            \"adaptiveHeight\" : true,\n            \"dragThreshold\" : 10,\n            \"percentPosition\": true,\n            \"pageDots\": true,\n            \"rightToLeft\": false,\n            \"draggable\": true,\n            \"selectedAttraction\": 0.1,\n            \"parallax\" : 0,\n            \"friction\": 0.6        }'\n        >\n        \n\n\n  <div class=\"banner has-hover\" id=\"banner-10225997\">\n          <div class=\"banner-inner fill\">\n        <div class=\"banner-bg fill\" >\n            <img loading=\"lazy\" decoding=\"async\" width=\"1500\" height=\"400\" src=\"https:\/\/backup.groupebigart.tn\/wp-content\/uploads\/2025\/01\/C.png\" class=\"bg attachment-original size-original\" alt=\"\" \/>                                    \n                    <\/div>\n\t\t\n        <div class=\"banner-layers container\">\n            <div class=\"fill banner-link\"><\/div>            \n\n   <div id=\"text-box-2027156247\" class=\"text-box banner-layer x50 md-x50 lg-x50 y50 md-y50 lg-y50 res-text\">\n                                <div class=\"text-box-content text dark\">\n              \n              <div class=\"text-inner text-center\">\n                  \n\n\n              <\/div>\n           <\/div>\n                            \n<style>\n#text-box-2027156247 {\n  width: 60%;\n}\n#text-box-2027156247 .text-box-content {\n  font-size: 100%;\n}\n@media (min-width:550px) {\n  #text-box-2027156247 {\n    width: 60%;\n  }\n}\n<\/style>\n    <\/div>\n \n\n        <\/div>\n      <\/div>\n\n            \n<style>\n#banner-10225997 {\n  padding-top: 250px;\n}\n@media (min-width:850px) {\n  #banner-10225997 {\n    padding-top: 350px;\n  }\n}\n<\/style>\n  <\/div>\n\n\n\n     <\/div>\n\n     <div class=\"loading-spin dark large centered\"><\/div>\n\n\t<\/div>\n\n\n<div class=\"slider-wrapper relative show-for-small\" id=\"slider-1696023433\" >\n    <div class=\"slider slider-nav-circle slider-nav-large slider-nav-light slider-style-normal\"\n        data-flickity-options='{\n            \"cellAlign\": \"center\",\n            \"imagesLoaded\": true,\n            \"lazyLoad\": 1,\n            \"freeScroll\": false,\n            \"wrapAround\": true,\n            \"autoPlay\": 6000,\n            \"pauseAutoPlayOnHover\" : true,\n            \"prevNextButtons\": true,\n            \"contain\" : true,\n            \"adaptiveHeight\" : true,\n            \"dragThreshold\" : 10,\n            \"percentPosition\": true,\n            \"pageDots\": true,\n            \"rightToLeft\": false,\n            \"draggable\": true,\n            \"selectedAttraction\": 0.1,\n            \"parallax\" : 0,\n            \"friction\": 0.6        }'\n        >\n        \n\n\n  <div class=\"banner has-hover\" id=\"banner-1677569965\">\n          <div class=\"banner-inner fill\">\n        <div class=\"banner-bg fill\" >\n            <img loading=\"lazy\" decoding=\"async\" width=\"1500\" height=\"400\" src=\"https:\/\/backup.groupebigart.tn\/wp-content\/uploads\/2025\/01\/C.png\" class=\"bg attachment-original size-original\" alt=\"\" \/>                                    \n                    <\/div>\n\t\t\n        <div class=\"banner-layers container\">\n            <div class=\"fill banner-link\"><\/div>            \n\n   <div id=\"text-box-1429645460\" class=\"text-box banner-layer x50 md-x50 lg-x50 y50 md-y50 lg-y50 res-text\">\n                                <div class=\"text-box-content text dark\">\n              \n              <div class=\"text-inner text-center\">\n                  \n\n\n              <\/div>\n           <\/div>\n                            \n<style>\n#text-box-1429645460 {\n  width: 60%;\n}\n#text-box-1429645460 .text-box-content {\n  font-size: 100%;\n}\n@media (min-width:550px) {\n  #text-box-1429645460 {\n    width: 60%;\n  }\n}\n<\/style>\n    <\/div>\n \n\n        <\/div>\n      <\/div>\n\n            \n<style>\n#banner-1677569965 {\n  padding-top: 100px;\n}\n#banner-1677569965 .banner-bg img {\n  object-position: 0% 100%;\n}\n@media (min-width:550px) {\n  #banner-1677569965 {\n    padding-top: 500px;\n  }\n}\n<\/style>\n  <\/div>\n\n\n\n     <\/div>\n\n     <div class=\"loading-spin dark large centered\"><\/div>\n\n\t<\/div>\n\n\n\n\t<section class=\"section\" id=\"section_310448949\">\n\t\t<div class=\"section-bg fill\" >\n\t\t\t\t\t\t\t\t\t\n\t\t\t\n\n\t\t<\/div>\n\n\t\t\n\n\t\t<div class=\"section-content relative\">\n\t\t\t\n\n\t<div id=\"gap-1893132560\" class=\"gap-element clearfix\" style=\"display:block; height:auto;\">\n\t\t\n<style>\n#gap-1893132560 {\n  padding-top: 100px;\n}\n<\/style>\n\t<\/div>\n\t\n\n<div class=\"row\"  id=\"row-1950507043\">\n\n\n\t<div id=\"col-1734319233\" class=\"col small-12 large-12\"  >\n\t\t\t\t<div class=\"col-inner\"  >\n\t\t\t\n\t\t\t\n\n\t<div id=\"text-629359302\" class=\"text\">\n\t\t\n\n<p style=\"text-align: justify;\">Cr\u00e9\u00e9e en 2008, le groupe Bigart a d\u00e9velopp\u00e9, \u00e0 travers des ann\u00e9es, des comp\u00e9tences dans le domaine de l\u2019am\u00e9nagement et r\u00e9am\u00e9nagement des locaux administratifs et commerciaux.<br \/>Une \u00e9quipe design compos\u00e9e d\u2019architectes et de graphistes assure la personnalisation des espaces et le d\u00e9veloppemnt du branding et aide nos clients \u00e0 r\u00e9aliser un espace de travail convivial et fonctionnel et refl\u00e9tant l\u2019image de sa soci\u00e9t\u00e9.<br \/>Gr\u00e2ce \u00e0 BigTrade (soci\u00e9t\u00e9 d\u2019importation et de distribution, et filiale de Bigart) qui est toujours \u00e0 l\u2019\u00e9coute des nouveaut\u00e9s du march\u00e9 mondial, Bigart se d\u00e9marque de ses concurrents par ses produits uniques, de pointe et innovants. <br \/>Les efforts r\u00e9unis de toutes nos unit\u00e9s, permettent la cr\u00e9ation d\u2019espaces de travail plaisants et confortables tout en respectant l\u2019identit\u00e9 et la charte du client.<\/p>\n\t\t\n<style>\n#text-629359302 {\n  text-align: left;\n}\n@media (min-width:550px) {\n  #text-629359302 {\n    text-align: left;\n  }\n}\n<\/style>\n\t<\/div>\n\t\n\n\t\t<\/div>\n\t\t\t\t\t<\/div>\n\n\t\n\n<\/div>\n\n\t\t<\/div>\n\n\t\t\n<style>\n#section_310448949 {\n  padding-top: 0px;\n  padding-bottom: 0px;\n}\n<\/style>\n\t<\/section>\n\t\n\n\t<section class=\"section\" id=\"section_1203610400\">\n\t\t<div class=\"section-bg fill\" >\n\t\t\t\t\t\t\t\t\t\n\t\t\t\n\n\t\t<\/div>\n\n\t\t\n\n\t\t<div class=\"section-content relative\">\n\t\t\t\n\n<div class=\"row\"  id=\"row-679717695\">\n\n\n\t<div id=\"col-552889611\" class=\"col small-12 large-12\"  >\n\t\t\t\t<div class=\"col-inner\" style=\"background-color:rgb(255, 255, 255);\" >\n\t\t\t\n\t\t\t\n\n<div class=\"slider-wrapper relative\" id=\"slider-598950162\" >\n    <div class=\"slider slider-nav-dots-square slider-nav-circle slider-nav-large slider-nav-dark slider-nav-outside slider-style-normal slider-show-nav\"\n        data-flickity-options='{\n            \"cellAlign\": \"center\",\n            \"imagesLoaded\": true,\n            \"lazyLoad\": 1,\n            \"freeScroll\": false,\n            \"wrapAround\": true,\n            \"autoPlay\": 3000,\n            \"pauseAutoPlayOnHover\" : true,\n            \"prevNextButtons\": false,\n            \"contain\" : true,\n            \"adaptiveHeight\" : true,\n            \"dragThreshold\" : 10,\n            \"percentPosition\": true,\n            \"pageDots\": true,\n            \"rightToLeft\": false,\n            \"draggable\": true,\n            \"selectedAttraction\": 0.1,\n            \"parallax\" : 0,\n            \"friction\": 0.6        }'\n        >\n        \n\n<div class=\"row row-large\"  id=\"row-842459555\">\n\n\n\t<div id=\"col-694314512\" class=\"col medium-4 small-12 large-4\"  >\n\t\t\t\t<div class=\"col-inner\"  >\n\t\t\t\n\t\t\t\n\n\t<div class=\"img has-hover x md-x lg-x y md-y lg-y\" id=\"image_1139616440\">\n\t\t\t\t\t\t\t\t<div class=\"img-inner dark\" >\n\t\t\t<img loading=\"lazy\" decoding=\"async\" width=\"800\" height=\"800\" src=\"https:\/\/backup.groupebigart.tn\/wp-content\/uploads\/2025\/01\/PNG-800x800-1.png\" class=\"attachment-large size-large\" alt=\"\" srcset=\"https:\/\/backup.groupebigart.tn\/wp-content\/uploads\/2025\/01\/PNG-800x800-1.png 800w, https:\/\/backup.groupebigart.tn\/wp-content\/uploads\/2025\/01\/PNG-800x800-1-300x300.png 300w, https:\/\/backup.groupebigart.tn\/wp-content\/uploads\/2025\/01\/PNG-800x800-1-150x150.png 150w, https:\/\/backup.groupebigart.tn\/wp-content\/uploads\/2025\/01\/PNG-800x800-1-768x768.png 768w\" sizes=\"auto, (max-width: 800px) 100vw, 800px\" \/>\t\t\t\t\t\t\n\t\t\t\t\t<\/div>\n\t\t\t\t\t\t\t\t\n<style>\n#image_1139616440 {\n  width: 70%;\n}\n<\/style>\n\t<\/div>\n\t\n\n\n\t\t<\/div>\n\t\t\t\t\n<style>\n#col-694314512 > .col-inner {\n  padding: 15px 0px 0px 0px;\n}\n<\/style>\n\t<\/div>\n\n\t\n\n\t<div id=\"col-1811174418\" class=\"col medium-8 small-12 large-8\"  >\n\t\t\t\t<div class=\"col-inner\"  >\n\t\t\t\n\t\t\t\n\n<div class=\"row row-collapse\"  id=\"row-1075466598\">\n\n\n\t<div id=\"col-1611760017\" class=\"col small-12 large-12\"  data-animate=\"bounceInUp\">\n\t\t\t\t<div class=\"col-inner\"  >\n\t\t\t\n\t\t\t\n\n\t<div class=\"img has-hover x md-x lg-x y md-y lg-y\" id=\"image_744294540\">\n\t\t\t\t\t\t\t\t<div class=\"img-inner dark\" >\n\t\t\t\t\t\t\t\t\t\n\t\t\t\t\t<\/div>\n\t\t\t\t\t\t\t\t\n<style>\n#image_744294540 {\n  width: 7%;\n}\n<\/style>\n\t<\/div>\n\t\n\n\t<div id=\"text-2279304801\" class=\"text\">\n\t\t\n\n<p>Pour que la mati\u00e8re ait tant de pouvoir, il faut qu\u2019elle contienne un esprit.<\/p>\n\t\t\n<style>\n#text-2279304801 {\n  font-size: 1.5rem;\n  line-height: 1.15;\n}\n<\/style>\n\t<\/div>\n\t\n\t<div id=\"text-1661655384\" class=\"text\">\n\t\t\n\n<h4 style=\"margin-bottom: 0px;\"> Gustave Flaubert<\/h4>\n\t\t\n<style>\n#text-1661655384 {\n  line-height: 1.75;\n}\n<\/style>\n\t<\/div>\n\t\n\n\t\t<\/div>\n\t\t\t\t\n<style>\n#col-1611760017 > .col-inner {\n  margin: 0px 0px -50px 0px;\n}\n<\/style>\n\t<\/div>\n\n\t\n\n<\/div>\n\n\t\t<\/div>\n\t\t\t\t\t<\/div>\n\n\t\n\n<\/div>\n\n     <\/div>\n\n     <div class=\"loading-spin dark large centered\"><\/div>\n\n\t<\/div>\n\n\n\n\t\t<\/div>\n\t\t\t\t\t<\/div>\n\n\t\n\n\n<style>\n#row-679717695 > .col > .col-inner {\n  padding: 30px 30px 30px 30px;\n}\n@media (min-width:550px) {\n  #row-679717695 > .col > .col-inner {\n    padding: 50px 50px 30px 50px;\n  }\n}\n<\/style>\n<\/div>\n\n\t\t<\/div>\n\n\t\t\n<style>\n#section_1203610400 {\n  padding-top: 50px;\n  padding-bottom: 50px;\n  background-color: rgb(246, 246, 246);\n}\n<\/style>\n\t<\/section>\n\t\n\n\t<section class=\"section\" id=\"section_1604919467\">\n\t\t<div class=\"section-bg fill\" >\n\t\t\t\t\t\t\t\t\t\n\t\t\t\n\n\t\t<\/div>\n\n\t\t\n\n\t\t<div class=\"section-content relative\">\n\t\t\t\n\n\t<div id=\"gap-322304046\" class=\"gap-element clearfix\" style=\"display:block; height:auto;\">\n\t\t\n<style>\n#gap-322304046 {\n  padding-top: 30px;\n}\n<\/style>\n\t<\/div>\n\t\n\n<div class=\"row align-center\"  id=\"row-1398675619\">\n\n\n\t<div id=\"col-1840611615\" class=\"col medium-5 small-12 large-5\"  >\n\t\t\t\t<div class=\"col-inner text-center\"  >\n\t\t\t\n\t\t\t\n\n\t<div id=\"text-735310653\" class=\"text\">\n\t\t\n\n\n\t\t\n<style>\n#text-735310653 {\n  font-size: 0.9rem;\n}\n<\/style>\n\t<\/div>\n\t\n\t<div id=\"gap-1683227324\" class=\"gap-element clearfix\" style=\"display:block; height:auto;\">\n\t\t\n<style>\n#gap-1683227324 {\n  padding-top: 10px;\n}\n<\/style>\n\t<\/div>\n\t\n\n\t<div id=\"text-156304614\" class=\"text\">\n\t\t\n\n<h3>L\u2019\u00e9quipe BigArt <\/h3>\n\t\t\n<style>\n#text-156304614 {\n  font-size: 2rem;\n  line-height: 1;\n}\n<\/style>\n\t<\/div>\n\t\n\n\t\t<\/div>\n\t\t\t\t\t<\/div>\n\n\t\n\n<\/div>\n<div class=\"row row-small align-center\"  id=\"row-47096582\">\n\n\n\t<div id=\"col-297437067\" class=\"col medium-3 small-6 large-3\"  >\n\t\t\t\t<div class=\"col-inner\"  >\n\t\t\t\n\t\t\t\n\n    <div class=\"box has-hover has-hover box-text-bottom\" >\n\n                  <div class=\"box-image \" style=\"width:80%;\">\n           <div class=\"box-image-inner image-cover\" style=\"border-radius:100%;padding-top:100%;\">\n              <img loading=\"lazy\" decoding=\"async\" width=\"500\" height=\"600\" src=\"https:\/\/backup.groupebigart.tn\/wp-content\/uploads\/2016\/08\/dummy-prod-1.jpg\" class=\"attachment- size-\" alt=\"\" srcset=\"https:\/\/backup.groupebigart.tn\/wp-content\/uploads\/2016\/08\/dummy-prod-1.jpg 500w, https:\/\/backup.groupebigart.tn\/wp-content\/uploads\/2016\/08\/dummy-prod-1-250x300.jpg 250w\" sizes=\"auto, (max-width: 500px) 100vw, 500px\" \/>                         <\/div>\n          <\/div>\n         \n          <div class=\"box-text text-center\" >\n                <div class=\"box-text-inner\">\n                  <h4 class=\"uppercase\">\n                    <span class=\"person-name\">Mme. Sameh Jemai<\/span><br\/>\n                    <span class=\"person-title is-small thin-font op-7\">\n                      Assistance de direction                    <\/span>\n                  <\/h4>\n\t\t\t\t\t\n\n\t<div id=\"gap-816217437\" class=\"gap-element clearfix\" style=\"display:block; height:auto;\">\n\t\t\n<style>\n#gap-816217437 {\n  padding-top: 10px;\n}\n<\/style>\n\t<\/div>\n\t\n\n\n                <\/div>\n          <\/div>\n    <\/div>\n\n\t\n    \n\n\t\t<\/div>\n\t\t\t\t\t<\/div>\n\n\t\n\n\t<div id=\"col-1541365146\" class=\"col medium-3 small-6 large-3\"  >\n\t\t\t\t<div class=\"col-inner\"  >\n\t\t\t\n\t\t\t\n\n    <div class=\"box has-hover has-hover box-text-bottom\" >\n\n                  <div class=\"box-image \" style=\"width:80%;\">\n           <div class=\"box-image-inner image-cover\" style=\"border-radius:100%;padding-top:100%;\">\n              <img loading=\"lazy\" decoding=\"async\" width=\"500\" height=\"600\" src=\"https:\/\/backup.groupebigart.tn\/wp-content\/uploads\/2016\/08\/dummy-prod-1.jpg\" class=\"attachment- size-\" alt=\"\" srcset=\"https:\/\/backup.groupebigart.tn\/wp-content\/uploads\/2016\/08\/dummy-prod-1.jpg 500w, https:\/\/backup.groupebigart.tn\/wp-content\/uploads\/2016\/08\/dummy-prod-1-250x300.jpg 250w\" sizes=\"auto, (max-width: 500px) 100vw, 500px\" \/>                         <\/div>\n          <\/div>\n         \n          <div class=\"box-text text-center\" >\n                <div class=\"box-text-inner\">\n                  <h4 class=\"uppercase\">\n                    <span class=\"person-name\">Mme. Oumayma Abdelkefi<\/span><br\/>\n                    <span class=\"person-title is-small thin-font op-7\">\n                      Coordinatrice &amp; directrice production                    <\/span>\n                  <\/h4>\n\t\t\t\t\t\n\n\t<div id=\"gap-526245820\" class=\"gap-element clearfix\" style=\"display:block; height:auto;\">\n\t\t\n<style>\n#gap-526245820 {\n  padding-top: 10px;\n}\n<\/style>\n\t<\/div>\n\t\n\n\n                <\/div>\n          <\/div>\n    <\/div>\n\n\t\n    \n\n\t\t<\/div>\n\t\t\t\t\t<\/div>\n\n\t\n\n\t<div id=\"col-91910640\" class=\"col medium-3 small-6 large-3\"  >\n\t\t\t\t<div class=\"col-inner\"  >\n\t\t\t\n\t\t\t\n\n    <div class=\"box has-hover has-hover box-text-bottom\" >\n\n                  <div class=\"box-image \" style=\"width:80%;\">\n           <div class=\"box-image-inner image-cover\" style=\"border-radius:100%;padding-top:100%;\">\n              <img loading=\"lazy\" decoding=\"async\" width=\"500\" height=\"600\" src=\"https:\/\/backup.groupebigart.tn\/wp-content\/uploads\/2016\/08\/dummy-prod-1.jpg\" class=\"attachment- size-\" alt=\"\" srcset=\"https:\/\/backup.groupebigart.tn\/wp-content\/uploads\/2016\/08\/dummy-prod-1.jpg 500w, https:\/\/backup.groupebigart.tn\/wp-content\/uploads\/2016\/08\/dummy-prod-1-250x300.jpg 250w\" sizes=\"auto, (max-width: 500px) 100vw, 500px\" \/>                         <\/div>\n          <\/div>\n         \n          <div class=\"box-text text-center\" >\n                <div class=\"box-text-inner\">\n                  <h4 class=\"uppercase\">\n                    <span class=\"person-name\">Mr. Mehdi Hadhri<\/span><br\/>\n                    <span class=\"person-title is-small thin-font op-7\">\n                      Project Manager                    <\/span>\n                  <\/h4>\n\t\t\t\t\t\n\n\t<div id=\"gap-1738409378\" class=\"gap-element clearfix\" style=\"display:block; height:auto;\">\n\t\t\n<style>\n#gap-1738409378 {\n  padding-top: 10px;\n}\n<\/style>\n\t<\/div>\n\t\n\n\n                <\/div>\n          <\/div>\n    <\/div>\n\n\t\n    \n\n\t\t<\/div>\n\t\t\t\t\t<\/div>\n\n\t\n\n<\/div>\n<div class=\"row row-small align-center\"  id=\"row-1723182788\">\n\n\n\t<div id=\"col-1073652725\" class=\"col medium-3 small-6 large-3\"  >\n\t\t\t\t<div class=\"col-inner\"  >\n\t\t\t\n\t\t\t\n\n\n\t\t<\/div>\n\t\t\t\t\t<\/div>\n\n\t\n\n\t<div id=\"col-1261181052\" class=\"col medium-3 small-6 large-3\"  >\n\t\t\t\t<div class=\"col-inner\"  >\n\t\t\t\n\t\t\t\n\n    <div class=\"box has-hover has-hover box-text-bottom\" >\n\n                  <div class=\"box-image \" style=\"width:80%;\">\n           <div class=\"box-image-inner image-cover\" style=\"border-radius:100%;padding-top:100%;\">\n              <img loading=\"lazy\" decoding=\"async\" width=\"500\" height=\"600\" src=\"https:\/\/backup.groupebigart.tn\/wp-content\/uploads\/2016\/08\/dummy-prod-1.jpg\" class=\"attachment- size-\" alt=\"\" srcset=\"https:\/\/backup.groupebigart.tn\/wp-content\/uploads\/2016\/08\/dummy-prod-1.jpg 500w, https:\/\/backup.groupebigart.tn\/wp-content\/uploads\/2016\/08\/dummy-prod-1-250x300.jpg 250w\" sizes=\"auto, (max-width: 500px) 100vw, 500px\" \/>                         <\/div>\n          <\/div>\n         \n          <div class=\"box-text text-center\" >\n                <div class=\"box-text-inner\">\n                  <h4 class=\"uppercase\">\n                    <span class=\"person-name\">Melle. jihen akremi<\/span><br\/>\n                    <span class=\"person-title is-small thin-font op-7\">\n                      Architecte d\u2019int\u00e9rieur                    <\/span>\n                  <\/h4>\n\t\t\t\t\t\n\n\t<div id=\"gap-1701470471\" class=\"gap-element clearfix\" style=\"display:block; height:auto;\">\n\t\t\n<style>\n#gap-1701470471 {\n  padding-top: 10px;\n}\n<\/style>\n\t<\/div>\n\t\n\n\n                <\/div>\n          <\/div>\n    <\/div>\n\n\t\n    \n\n\t\t<\/div>\n\t\t\t\t\t<\/div>\n\n\t\n\n\t<div id=\"col-580573079\" class=\"col medium-3 small-6 large-3\"  >\n\t\t\t\t<div class=\"col-inner\"  >\n\t\t\t\n\t\t\t\n\n\n\t\t<\/div>\n\t\t\t\t\t<\/div>\n\n\t\n\n<\/div>\n\n\t\t<\/div>\n\n\t\t\n<style>\n#section_1604919467 {\n  padding-top: 30px;\n  padding-bottom: 30px;\n}\n<\/style>\n\t<\/section>\n\t\n\n","protected":false},"excerpt":{"rendered":"","protected":false},"author":3,"featured_media":0,"parent":0,"menu_order":0,"comment_status":"closed","ping_status":"closed","template":"page-blank.php","meta":{"footnotes":""},"class_list":["post-309","page","type-page","status-publish","hentry"],"_links":{"self":[{"href":"https:\/\/backup.groupebigart.tn\/index.php\/wp-json\/wp\/v2\/pages\/309","targetHints":{"allow":["GET"]}}],"collection":[{"href":"https:\/\/backup.groupebigart.tn\/index.php\/wp-json\/wp\/v2\/pages"}],"about":[{"href":"https:\/\/backup.groupebigart.tn\/index.php\/wp-json\/wp\/v2\/types\/page"}],"author":[{"embeddable":true,"href":"https:\/\/backup.groupebigart.tn\/index.php\/wp-json\/wp\/v2\/users\/3"}],"replies":[{"embeddable":true,"href":"https:\/\/backup.groupebigart.tn\/index.php\/wp-json\/wp\/v2\/comments?post=309"}],"version-history":[{"count":0,"href":"https:\/\/backup.groupebigart.tn\/index.php\/wp-json\/wp\/v2\/pages\/309\/revisions"}],"wp:attachment":[{"href":"https:\/\/backup.groupebigart.tn\/index.php\/wp-json\/wp\/v2\/media?parent=309"}],"curies":[{"name":"wp","href":"https:\/\/api.w.org\/{rel}","templated":true}]}}